{"id":1895,"date":"2021-01-22T17:09:41","date_gmt":"2021-01-22T16:09:41","guid":{"rendered":"http:\/\/caysqqo.cluster028.hosting.ovh.net\/?page_id=1895"},"modified":"2024-09-09T15:55:08","modified_gmt":"2024-09-09T13:55:08","slug":"bienvenue-au-blue-beach","status":"publish","type":"page","link":"https:\/\/www.bluebeach.fr\/index.php\/bienvenue-au-blue-beach\/","title":{"rendered":"Bienvenue au Blue Beach"},"content":{"rendered":"\n<p> <br>Blue Beach est une <strong>plage restaurant<\/strong> situ\u00e9e en plein c\u0153ur de la Promenade des Anglais \u00e0 proximit\u00e9 des grands Palaces.<br><br>Accueillis par Sabine, Ren\u00e9 et maintenant par Johan toute l&rsquo;\u00e9quipe du Blue Beach vous re\u00e7oit avec sympathie afin de vous faire passer le meilleur moment possible.<br><br>Pour votre d\u00e9tente, transat aquagym sports nautiques et le restaurant orchestr\u00e9 par notre chef St\u00e9phane Smargiassi qui vous fera d\u00e9guster les sp\u00e9cialit\u00e9s m\u00e9diterran\u00e9ennes et les poissons grill\u00e9s du jour. <br><\/p>\n\n\n\n<p>Nous sommes fiers d&rsquo;annoncer que nous avons obtenu le prestigieux label <strong>Cl\u00e9 Verte<\/strong>, une reconnaissance internationale pour notre engagement en faveur du d\u00e9veloppement durable et du respect de l&rsquo;environnement. Ce label refl\u00e8te nos efforts constants pour minimiser notre impact \u00e9cologique \u00e0 travers des pratiques responsables, que ce soit dans la gestion des ressources, la r\u00e9duction des d\u00e9chets ou encore la sensibilisation de nos visiteurs \u00e0 l&rsquo;importance de pr\u00e9server la nature. Nous sommes honor\u00e9s de faire partie des \u00e9tablissements qui partagent cette vision d&rsquo;un tourisme durable et respectueux de l&rsquo;environnement.<br><\/p>\n\n\n\n<p class=\"has-text-align-right\"><em>Welcome to Blue Beach <\/em><\/p>\n\n\n\n<p class=\"has-text-align-right\"><em>In the center of the Promenade des Anglais, in front of the mythical Negresco and Palais de la M\u00e9diterran\u00e9e hotels, the beach-restaurant Blue Beach welcomes you for sunbathing or around a good table for lunch or dinner<br> We remain at your disposal to organize your family, birthday, business, wedding or banquet meals.<\/em><\/p>\n\n\n\n<p class=\"has-text-align-right\">We are proud to announce that we have been awarded the prestigious <strong>Green Key<\/strong> label, an international recognition of our commitment to sustainability and environmental responsibility. This label reflects our ongoing efforts to minimize our ecological impact through responsible practices, from resource management and waste reduction to raising awareness among our visitors about the importance of protecting nature. We are honored to be part of the establishments that share this vision of sustainable and environmentally friendly tourism.<\/p>\n\n\n\n<div class=\"wp-block-image\"><figure class=\"aligncenter size-full is-resized\"><img loading=\"lazy\" src=\"http:\/\/www.bluebeach.fr\/wp-content\/uploads\/2024\/09\/Logo-CV-HD-18-Web.png\" alt=\"\" class=\"wp-image-2185\" width=\"93\" height=\"108\"\/><\/figure><\/div>\n\n\n\n<div class=\"wp-block-image\"><figure class=\"aligncenter size-large\"><img loading=\"lazy\" width=\"781\" height=\"1024\" src=\"http:\/\/caysqqo.cluster028.hosting.ovh.net\/wp-content\/uploads\/2020\/04\/Capture-d\u2019\u00e9cran-2017-03-22-\u00e0-20.28.40-781x1024.png\" alt=\"\" class=\"wp-image-1722\" srcset=\"https:\/\/www.bluebeach.fr\/wp-content\/uploads\/2020\/04\/Capture-d\u2019\u00e9cran-2017-03-22-\u00e0-20.28.40-781x1024.png 781w, https:\/\/www.bluebeach.fr\/wp-content\/uploads\/2020\/04\/Capture-d\u2019\u00e9cran-2017-03-22-\u00e0-20.28.40-229x300.png 229w, https:\/\/www.bluebeach.fr\/wp-content\/uploads\/2020\/04\/Capture-d\u2019\u00e9cran-2017-03-22-\u00e0-20.28.40-768x1007.png 768w, https:\/\/www.bluebeach.fr\/wp-content\/uploads\/2020\/04\/Capture-d\u2019\u00e9cran-2017-03-22-\u00e0-20.28.40-800x1049.png 800w, https:\/\/www.bluebeach.fr\/wp-content\/uploads\/2020\/04\/Capture-d\u2019\u00e9cran-2017-03-22-\u00e0-20.28.40.png 972w\" sizes=\"(max-width: 781px) 100vw, 781px\" \/><\/figure><\/div>\n\n\n\n<p>Ne manquez pas les activit\u00e9s \u00e0 faire dans notre r\u00e9gions en vous rendant sur https:\/\/www.explorenicecotedazur.com\/<\/p>\n\n\n\n<div class=\"wp-block-image\"><figure class=\"aligncenter size-full\"><a href=\"https:\/\/www.explorenicecotedazur.com\/\"><img loading=\"lazy\" width=\"800\" height=\"533\" src=\"http:\/\/www.bluebeach.fr\/wp-content\/uploads\/2023\/09\/20190924104531-nice-cote-d-azur-new-horizons-web-1.jpg\" alt=\"\" class=\"wp-image-2157\" srcset=\"https:\/\/www.bluebeach.fr\/wp-content\/uploads\/2023\/09\/20190924104531-nice-cote-d-azur-new-horizons-web-1.jpg 800w, https:\/\/www.bluebeach.fr\/wp-content\/uploads\/2023\/09\/20190924104531-nice-cote-d-azur-new-horizons-web-1-300x200.jpg 300w, https:\/\/www.bluebeach.fr\/wp-content\/uploads\/2023\/09\/20190924104531-nice-cote-d-azur-new-horizons-web-1-768x512.jpg 768w\" sizes=\"(max-width: 800px) 100vw, 800px\" \/><\/a><\/figure><\/div>\n","protected":false},"excerpt":{"rendered":"<p>Blue Beach est une plage restaurant situ\u00e9e en plein c\u0153ur de la Promenade des Anglais \u00e0 proximit\u00e9 des grands Palaces. Accueillis par Sabine, Ren\u00e9 et maintenant par Johan toute l&rsquo;\u00e9quipe &#8230;<\/p>\n","protected":false},"author":1,"featured_media":1765,"parent":0,"menu_order":0,"comment_status":"closed","ping_status":"closed","template":"template-page-100.php","meta":[],"_links":{"self":[{"href":"https:\/\/www.bluebeach.fr\/index.php\/wp-json\/wp\/v2\/pages\/1895"}],"collection":[{"href":"https:\/\/www.bluebeach.fr\/index.php\/wp-json\/wp\/v2\/pages"}],"about":[{"href":"https:\/\/www.bluebeach.fr\/index.php\/wp-json\/wp\/v2\/types\/page"}],"author":[{"embeddable":true,"href":"https:\/\/www.bluebeach.fr\/index.php\/wp-json\/wp\/v2\/users\/1"}],"replies":[{"embeddable":true,"href":"https:\/\/www.bluebeach.fr\/index.php\/wp-json\/wp\/v2\/comments?post=1895"}],"version-history":[{"count":8,"href":"https:\/\/www.bluebeach.fr\/index.php\/wp-json\/wp\/v2\/pages\/1895\/revisions"}],"predecessor-version":[{"id":2187,"href":"https:\/\/www.bluebeach.fr\/index.php\/wp-json\/wp\/v2\/pages\/1895\/revisions\/2187"}],"wp:featuredmedia":[{"embeddable":true,"href":"https:\/\/www.bluebeach.fr\/index.php\/wp-json\/wp\/v2\/media\/1765"}],"wp:attachment":[{"href":"https:\/\/www.bluebeach.fr\/index.php\/wp-json\/wp\/v2\/media?parent=1895"}],"curies":[{"name":"wp","href":"https:\/\/api.w.org\/{rel}","templated":true}]}}